{"id":673,"date":"2013-07-09T22:54:13","date_gmt":"2013-07-09T22:54:13","guid":{"rendered":"https:\/\/mergerac.com\/?page_id=673"},"modified":"2025-02-07T22:44:02","modified_gmt":"2025-02-07T22:44:02","slug":"transactions","status":"publish","type":"page","link":"https:\/\/mergerac.com\/en\/transactions\/","title":{"rendered":"TRANSACTIONS"},"content":{"rendered":"\n<h2>\n\t\tTRANSACTIONS\n\t<\/h2>\n\t\t\t\t\t<a href=\"#\" id=\"fl-accordion--label-0\" tabindex=\"0\" aria-controls=\"fl-accordion--panel-0\">Trade (wholesale and retail)<\/a>\n\t\t\t\t\t\t\t\t\t\t\t<a href=\"#\" id=\"fl-accordion--icon-0\" tabindex=\"-1\"><i title=\"Expand\">Expand<\/i><\/a>\n\t\t\t\t\t<p><a href=\"https:\/\/mergerac.com\/wp-content\/uploads\/2022\/09\/chuttersnap-BNBA1h-NgdY-unsplash-1.jpg\"><img loading=\"lazy\" decoding=\"async\" src=\"https:\/\/mergerac.com\/wp-content\/uploads\/2022\/09\/chuttersnap-BNBA1h-NgdY-unsplash-1-300x108.jpg\" alt=\"\" width=\"937\" height=\"337\" \/><\/a><\/p>\n<p>&nbsp;<\/p>\n<ul>\n<li>Chevrons Rivard (1980) (Mat\u00e9riaux Coupal)<\/li>\n<li>Cantrex Group Inc.<\/li>\n<li>Distribution 2020 inc. (Richelieu Hardware)<\/li>\n<li>EXP-AIR Climatisation-R\u00e9frig\u00e9ration inc. (NAVADA Lt\u00e9e.)<\/li>\n<li>Hodges &amp; Lettau Inc.<\/li>\n<li>LGL Chapdelaine Ltd. RONA (Patrick Morin Group)<\/li>\n<li>Gamma Rental Inc.<\/li>\n<li>J. Marcel Paquette &amp; Fils Ltd. (BMR)<\/li>\n<li>Noremco Distribution (Building materials)<\/li>\n<li>Pointe &amp; Meunier Home Hardware (Lesp\u00e9rance Group)<\/li>\n<li>Williams &amp; Wilson Ltd.<\/li>\n<\/ul>\n\t\t\t\t\t<a href=\"#\" id=\"fl-accordion--label-1\" tabindex=\"0\" aria-controls=\"fl-accordion--panel-1\">Food and drink<\/a>\n\t\t\t\t\t\t\t\t\t\t\t<a href=\"#\" id=\"fl-accordion--icon-1\" tabindex=\"-1\"><i title=\"Expand\">Expand<\/i><\/a>\n\t\t\t\t\t<p><a href=\"https:\/\/mergerac.com\/wp-content\/uploads\/2022\/09\/jimmy-dean-Yn0l7uwBrpw-unsplash-1.jpg.png\"><img loading=\"lazy\" decoding=\"async\" src=\"https:\/\/mergerac.com\/wp-content\/uploads\/2022\/09\/jimmy-dean-Yn0l7uwBrpw-unsplash-1.jpg-300x108.png\" alt=\"\" width=\"1000\" height=\"360\" \/><\/a><\/p>\n<p>&nbsp;<\/p>\n<ul>\n<li>Alimentation Couche-Tard Inc.<\/li>\n<li>Bergeron-les-Vins (Le Marchand de Vin)<\/li>\n<li>Culinar Inc. (3 divestitures)<\/li>\n<li>Divin Paradis (9333-5107 Qu\u00e9bec inc.)<\/li>\n<li>Focus Cellars (Divin Paradis inc.)<\/li>\n<li>Jardins Val-Mont Inc.<\/li>\n<li>La Coop f\u00e9d\u00e9r\u00e9e (7 acquisitions)<\/li>\n<li>La Vie en Vrac (K2KAPITAL Inc.)<\/li>\n<li>Nutribec Ltd. (Feed grain production)<\/li>\n<li>Nutricom Inc. (Food supplement)<\/li>\n<li>Provigo Inc. (Loblaws) (4 divestitures)<\/li>\n<li>Shefford administrative services Ltd. (Divin Paradis inc.)<\/li>\n<li>Stork Canada Inc. (Candy maker)<\/li>\n<\/ul>\n\t\t\t\t\t<a href=\"#\" id=\"fl-accordion--label-2\" tabindex=\"0\" aria-controls=\"fl-accordion--panel-2\">Health and beauty<\/a>\n\t\t\t\t\t\t\t\t\t\t\t<a href=\"#\" id=\"fl-accordion--icon-2\" tabindex=\"-1\"><i title=\"Expand\">Expand<\/i><\/a>\n\t\t\t\t\t<p><a href=\"https:\/\/mergerac.com\/wp-content\/uploads\/2022\/09\/viva-luna-studios-KiQt6CC0BvY-unsplash.jpg\"><img loading=\"lazy\" decoding=\"async\" src=\"https:\/\/mergerac.com\/wp-content\/uploads\/2022\/09\/viva-luna-studios-KiQt6CC0BvY-unsplash-300x108.jpg\" alt=\"\" width=\"858\" height=\"309\" \/><\/a><\/p>\n<p>&nbsp;<\/p>\n<ul>\n<li>Centre Postura inc.<\/li>\n<li>Procyon BioPharma Inc.<\/li>\n<\/ul>\n\t\t\t\t\t<a href=\"#\" id=\"fl-accordion--label-3\" tabindex=\"0\" aria-controls=\"fl-accordion--panel-3\">IT, Media and Communications<\/a>\n\t\t\t\t\t\t\t\t\t\t\t<a href=\"#\" id=\"fl-accordion--icon-3\" tabindex=\"-1\"><i title=\"Expand\">Expand<\/i><\/a>\n\t\t\t\t\t<p><a href=\"https:\/\/mergerac.com\/wp-content\/uploads\/2022\/09\/christina-wocintechchat-com-ftCWdZOFZqo-unsplash.jpg\"><img loading=\"lazy\" decoding=\"async\" src=\"https:\/\/mergerac.com\/wp-content\/uploads\/2022\/09\/christina-wocintechchat-com-ftCWdZOFZqo-unsplash-300x108.jpg\" alt=\"\" width=\"903\" height=\"325\" \/><\/a><\/p>\n<p>&nbsp;<\/p>\n<ul>\n<li>Auto Hebdo Inc.<\/li>\n<li>Computer Assembly Systems Ltd.<\/li>\n<li>Equifax Canada Inc.<\/li>\n<li>FoxMeyer Canada Inc.<\/li>\n<li>Les Ordinateurs Hypocrat Inc. (2 transactions)<\/li>\n<li>PNMD Communications Inc.<\/li>\n<li>TC Transcontinental Group Inc.<\/li>\n<li>TelDig Systems Inc. (Olameter Inc.)<\/li>\n<\/ul>\n\t\t\t\t\t<a href=\"#\" id=\"fl-accordion--label-4\" tabindex=\"0\" aria-controls=\"fl-accordion--panel-4\">Manufacturing<\/a>\n\t\t\t\t\t\t\t\t\t\t\t<a href=\"#\" id=\"fl-accordion--icon-4\" tabindex=\"-1\"><i title=\"Expand\">Expand<\/i><\/a>\n\t\t\t\t\t<p><a href=\"https:\/\/mergerac.com\/wp-content\/uploads\/2022\/09\/arshad-pooloo-FK3s0hRpMNM-unsplash.jpg\"><img loading=\"lazy\" decoding=\"async\" src=\"https:\/\/mergerac.com\/wp-content\/uploads\/2022\/09\/arshad-pooloo-FK3s0hRpMNM-unsplash-300x108.jpg\" alt=\"\" width=\"875\" height=\"315\" \/><\/a><\/p>\n<p>&nbsp;<\/p>\n<ul>\n<li>Denharco Inc.<\/li>\n<li>Dupont Canada Inc.<\/li>\n<li>Eucania International Inc. (Revcor Inc.)<\/li>\n<li>Granirex Inc<\/li>\n<li>Johnson &amp; Johnson<\/li>\n<li>Bouthillier Management Companies Inc. (Lavo Group)<\/li>\n<li>Mondor Ltd.<\/li>\n<li>Prokit Structural Inc. (Mauricienne Roofing)<\/li>\n<li>S. E. P. Technologies Inc. (Prismea inc.)<\/li>\n<li>Thermostop inc.<\/li>\n<\/ul>\n\t\t\t\t\t<a href=\"#\" id=\"fl-accordion--label-5\" tabindex=\"0\" aria-controls=\"fl-accordion--panel-5\">Transport<\/a>\n\t\t\t\t\t\t\t\t\t\t\t<a href=\"#\" id=\"fl-accordion--icon-5\" tabindex=\"-1\"><i title=\"Expand\">Expand<\/i><\/a>\n\t\t\t\t\t<p><a href=\"https:\/\/mergerac.com\/wp-content\/uploads\/2022\/09\/joey-kyber-45FJgZMXCK8-unsplash-1.jpg\"><img loading=\"lazy\" decoding=\"async\" src=\"https:\/\/mergerac.com\/wp-content\/uploads\/2022\/09\/joey-kyber-45FJgZMXCK8-unsplash-1-300x108.jpg\" alt=\"\" width=\"905\" height=\"326\" \/><\/a><\/p>\n<p>&nbsp;<\/p>\n<ul>\n<li>Expeditex Inc. (Transforce)<\/li>\n<li>Provost Corporation Ltd.<\/li>\n<li>Sumabus (Socanav Inc.)<\/li>\n<\/ul>\n\t\t\t\t\t<a href=\"#\" id=\"fl-accordion--label-6\" tabindex=\"0\" aria-controls=\"fl-accordion--panel-6\">Professional services<\/a>\n\t\t\t\t\t\t\t\t\t\t\t<a href=\"#\" id=\"fl-accordion--icon-6\" tabindex=\"-1\"><i title=\"Expand\">Expand<\/i><\/a>\n\t\t\t\t\t<p><a href=\"https:\/\/mergerac.com\/wp-content\/uploads\/2022\/09\/nordwood-themes-kRNZiGKtz48-unsplash.jpg\"><img loading=\"lazy\" decoding=\"async\" src=\"https:\/\/mergerac.com\/wp-content\/uploads\/2022\/09\/nordwood-themes-kRNZiGKtz48-unsplash-300x108.jpg\" alt=\"\" width=\"892\" height=\"321\" \/><\/a><\/p>\n<p>&nbsp;<\/p>\n<ul>\n<li>Assurances F.X. Houde &amp; Fils inc. (Geska Assurances &amp; Conseils inc.)<\/li>\n<li>Assurances V\u00e9zina, Leduc &amp; Bisaillon Inc. (Geska Assurances &amp; Conseils inc.)<\/li>\n<li>Duo Assurances Inc. (Geska Assurances &amp; Conseils inc.)<\/li>\n<li>Entreprises Sib\u00e9ca Inc. (Real estate development)<\/li>\n<li>GeoStructure Instruments Inc.<\/li>\n<li>Groupe Poly-M2 (Controlnet Services d&#8217;entretien d&#8217;immeubles inc.)<\/li>\n<li>LCS (Leautec &#8211; Crystal &#8211; Soleil) (POSEIDON, Piscines et Spas)<\/li>\n<li>Leonard &amp; Parisien Inc.<\/li>\n<li>Services Techniques Laval Inc.<\/li>\n<li>SNC-Lavalin Inc.<\/li>\n<li>Urgel Bourgie Ltd.<\/li>\n<\/ul>\n\n","protected":false},"excerpt":{"rendered":"","protected":false},"author":2,"featured_media":1466,"parent":0,"menu_order":40,"comment_status":"open","ping_status":"closed","template":"","meta":{"_acf_changed":false,"footnotes":""},"class_list":["post-673","page","type-page","status-publish","has-post-thumbnail","hentry"],"acf":[],"yoast_head":"<!-- This site is optimized with the Yoast SEO Premium plugin v20.3 (Yoast SEO v24.0) - https:\/\/yoast.com\/wordpress\/plugins\/seo\/ -->\n<title>TRANSACTIONS - MERGERAC<\/title>\n<meta name=\"robots\" content=\"index, follow, max-snippet:-1, max-image-preview:large, max-video-preview:-1\" \/>\n<link rel=\"canonical\" href=\"https:\/\/mergerac.com\/en\/transactions\/\" \/>\n<meta property=\"og:locale\" content=\"en_US\" \/>\n<meta property=\"og:type\" content=\"article\" \/>\n<meta property=\"og:title\" content=\"TRANSACTIONS\" \/>\n<meta property=\"og:description\" content=\"TRANSACTIONS Trade (wholesale and retail) Expand &nbsp; Chevrons Rivard (1980) (Mat\u00e9riaux Coupal) Cantrex Group Inc. Distribution 2020 inc. (Richelieu Hardware) EXP-AIR Climatisation-R\u00e9frig\u00e9ration inc. (NAVADA Lt\u00e9e.) Hodges &amp; Lettau Inc. LGL Chapdelaine Ltd. RONA (Patrick Morin Group) Gamma Rental Inc. J. Marcel Paquette &amp; Fils Ltd. (BMR) Noremco Distribution (Building materials) Pointe &amp; Meunier Home Hardware...\" \/>\n<meta property=\"og:url\" content=\"https:\/\/mergerac.com\/en\/transactions\/\" \/>\n<meta property=\"og:site_name\" content=\"MERGERAC\" \/>\n<meta property=\"article:modified_time\" content=\"2025-02-07T22:44:02+00:00\" \/>\n<meta property=\"og:image\" content=\"https:\/\/mergerac.com\/wp-content\/uploads\/2013\/04\/banner1.png\" \/>\n\t<meta property=\"og:image:width\" content=\"725\" \/>\n\t<meta property=\"og:image:height\" content=\"284\" \/>\n\t<meta property=\"og:image:type\" content=\"image\/png\" \/>\n<meta name=\"twitter:label1\" content=\"Est. reading time\" \/>\n\t<meta name=\"twitter:data1\" content=\"2 minutes\" \/>\n<script type=\"application\/ld+json\" class=\"yoast-schema-graph\">{\"@context\":\"https:\/\/schema.org\",\"@graph\":[{\"@type\":\"WebPage\",\"@id\":\"https:\/\/mergerac.com\/en\/transactions\/\",\"url\":\"https:\/\/mergerac.com\/en\/transactions\/\",\"name\":\"TRANSACTIONS - MERGERAC\",\"isPartOf\":{\"@id\":\"https:\/\/mergerac.com\/#website\"},\"primaryImageOfPage\":{\"@id\":\"https:\/\/mergerac.com\/en\/transactions\/#primaryimage\"},\"image\":{\"@id\":\"https:\/\/mergerac.com\/en\/transactions\/#primaryimage\"},\"thumbnailUrl\":\"https:\/\/mergerac.com\/wp-content\/uploads\/2013\/04\/banner1.png\",\"datePublished\":\"2013-07-09T22:54:13+00:00\",\"dateModified\":\"2025-02-07T22:44:02+00:00\",\"breadcrumb\":{\"@id\":\"https:\/\/mergerac.com\/en\/transactions\/#breadcrumb\"},\"inLanguage\":\"en-US\",\"potentialAction\":[{\"@type\":\"ReadAction\",\"target\":[\"https:\/\/mergerac.com\/en\/transactions\/\"]}]},{\"@type\":\"ImageObject\",\"inLanguage\":\"en-US\",\"@id\":\"https:\/\/mergerac.com\/en\/transactions\/#primaryimage\",\"url\":\"https:\/\/mergerac.com\/wp-content\/uploads\/2013\/04\/banner1.png\",\"contentUrl\":\"https:\/\/mergerac.com\/wp-content\/uploads\/2013\/04\/banner1.png\",\"width\":725,\"height\":284},{\"@type\":\"BreadcrumbList\",\"@id\":\"https:\/\/mergerac.com\/en\/transactions\/#breadcrumb\",\"itemListElement\":[{\"@type\":\"ListItem\",\"position\":1,\"name\":\"Home\",\"item\":\"https:\/\/mergerac.com\/en\/\"},{\"@type\":\"ListItem\",\"position\":2,\"name\":\"TRANSACTIONS\"}]},{\"@type\":\"WebSite\",\"@id\":\"https:\/\/mergerac.com\/#website\",\"url\":\"https:\/\/mergerac.com\/\",\"name\":\"MERGERAC\",\"description\":\"Website\",\"potentialAction\":[{\"@type\":\"SearchAction\",\"target\":{\"@type\":\"EntryPoint\",\"urlTemplate\":\"https:\/\/mergerac.com\/?s={search_term_string}\"},\"query-input\":{\"@type\":\"PropertyValueSpecification\",\"valueRequired\":true,\"valueName\":\"search_term_string\"}}],\"inLanguage\":\"en-US\"}]}<\/script>\n<!-- \/ Yoast SEO Premium plugin. -->","yoast_head_json":{"title":"TRANSACTIONS - MERGERAC","robots":{"index":"index","follow":"follow","max-snippet":"max-snippet:-1","max-image-preview":"max-image-preview:large","max-video-preview":"max-video-preview:-1"},"canonical":"https:\/\/mergerac.com\/en\/transactions\/","og_locale":"en_US","og_type":"article","og_title":"TRANSACTIONS","og_description":"TRANSACTIONS Trade (wholesale and retail) Expand &nbsp; Chevrons Rivard (1980) (Mat\u00e9riaux Coupal) Cantrex Group Inc. Distribution 2020 inc. (Richelieu Hardware) EXP-AIR Climatisation-R\u00e9frig\u00e9ration inc. (NAVADA Lt\u00e9e.) Hodges &amp; Lettau Inc. LGL Chapdelaine Ltd. RONA (Patrick Morin Group) Gamma Rental Inc. J. Marcel Paquette &amp; Fils Ltd. (BMR) Noremco Distribution (Building materials) Pointe &amp; Meunier Home Hardware...","og_url":"https:\/\/mergerac.com\/en\/transactions\/","og_site_name":"MERGERAC","article_modified_time":"2025-02-07T22:44:02+00:00","og_image":[{"width":725,"height":284,"url":"https:\/\/mergerac.com\/wp-content\/uploads\/2013\/04\/banner1.png","type":"image\/png"}],"twitter_misc":{"Est. reading time":"2 minutes"},"schema":{"@context":"https:\/\/schema.org","@graph":[{"@type":"WebPage","@id":"https:\/\/mergerac.com\/en\/transactions\/","url":"https:\/\/mergerac.com\/en\/transactions\/","name":"TRANSACTIONS - MERGERAC","isPartOf":{"@id":"https:\/\/mergerac.com\/#website"},"primaryImageOfPage":{"@id":"https:\/\/mergerac.com\/en\/transactions\/#primaryimage"},"image":{"@id":"https:\/\/mergerac.com\/en\/transactions\/#primaryimage"},"thumbnailUrl":"https:\/\/mergerac.com\/wp-content\/uploads\/2013\/04\/banner1.png","datePublished":"2013-07-09T22:54:13+00:00","dateModified":"2025-02-07T22:44:02+00:00","breadcrumb":{"@id":"https:\/\/mergerac.com\/en\/transactions\/#breadcrumb"},"inLanguage":"en-US","potentialAction":[{"@type":"ReadAction","target":["https:\/\/mergerac.com\/en\/transactions\/"]}]},{"@type":"ImageObject","inLanguage":"en-US","@id":"https:\/\/mergerac.com\/en\/transactions\/#primaryimage","url":"https:\/\/mergerac.com\/wp-content\/uploads\/2013\/04\/banner1.png","contentUrl":"https:\/\/mergerac.com\/wp-content\/uploads\/2013\/04\/banner1.png","width":725,"height":284},{"@type":"BreadcrumbList","@id":"https:\/\/mergerac.com\/en\/transactions\/#breadcrumb","itemListElement":[{"@type":"ListItem","position":1,"name":"Home","item":"https:\/\/mergerac.com\/en\/"},{"@type":"ListItem","position":2,"name":"TRANSACTIONS"}]},{"@type":"WebSite","@id":"https:\/\/mergerac.com\/#website","url":"https:\/\/mergerac.com\/","name":"MERGERAC","description":"Website","potentialAction":[{"@type":"SearchAction","target":{"@type":"EntryPoint","urlTemplate":"https:\/\/mergerac.com\/?s={search_term_string}"},"query-input":{"@type":"PropertyValueSpecification","valueRequired":true,"valueName":"search_term_string"}}],"inLanguage":"en-US"}]}},"_links":{"self":[{"href":"https:\/\/mergerac.com\/en\/wp-json\/wp\/v2\/pages\/673","targetHints":{"allow":["GET"]}}],"collection":[{"href":"https:\/\/mergerac.com\/en\/wp-json\/wp\/v2\/pages"}],"about":[{"href":"https:\/\/mergerac.com\/en\/wp-json\/wp\/v2\/types\/page"}],"author":[{"embeddable":true,"href":"https:\/\/mergerac.com\/en\/wp-json\/wp\/v2\/users\/2"}],"replies":[{"embeddable":true,"href":"https:\/\/mergerac.com\/en\/wp-json\/wp\/v2\/comments?post=673"}],"version-history":[{"count":7,"href":"https:\/\/mergerac.com\/en\/wp-json\/wp\/v2\/pages\/673\/revisions"}],"predecessor-version":[{"id":2554,"href":"https:\/\/mergerac.com\/en\/wp-json\/wp\/v2\/pages\/673\/revisions\/2554"}],"wp:featuredmedia":[{"embeddable":true,"href":"https:\/\/mergerac.com\/en\/wp-json\/wp\/v2\/media\/1466"}],"wp:attachment":[{"href":"https:\/\/mergerac.com\/en\/wp-json\/wp\/v2\/media?parent=673"}],"curies":[{"name":"wp","href":"https:\/\/api.w.org\/{rel}","templated":true}]}}