{"id":454,"date":"2013-04-26T05:35:18","date_gmt":"2013-04-26T05:35:18","guid":{"rendered":"https:\/\/mergerac.com\/?page_id=454"},"modified":"2016-11-21T11:41:36","modified_gmt":"2016-11-21T11:41:36","slug":"yves-blais","status":"publish","type":"page","link":"https:\/\/mergerac.com\/en\/yves-blais\/","title":{"rendered":"Yves Blais"},"content":{"rendered":"<h3><em><a href=\"https:\/\/mergerac.com\/wp-content\/uploads\/2013\/04\/yves.jpg\"><img loading=\"lazy\" decoding=\"async\" class=\"alignleft\" src=\"https:\/\/mergerac.com\/wp-content\/uploads\/2013\/04\/yves.jpg\" alt=\"Photo pour Internet\" width=\"130\" height=\"200\" \/><\/a><\/em><\/h3>\n<p><b>Yves has more than 30 years of experience in the management and negotiation of transactions. <\/b><b>He knows well the needs and concerns of managers of SMEs for having experienced them personally during all these years. <\/b><\/p>\n<p style=\"text-align: justify;\">In the implementation of his mandates, he brings extensive experience and offers solutions which achieve the objectives of his clients since he himself founded, led, merged and sold companies in the past.<\/p>\n<p style=\"text-align: justify;\">He gained practical knowledge and direct relationships with various industries and sub-industries such as services, distribution, manufacturing, retail and export. His skills brought him, throughout his career, to be part of several regional organizations for economic development and various advisory committees of financial institutions and public or private companies nationwide.<\/p>\n<p style=\"text-align: justify;\">Yves holds a degree in finance and marketing from HEC Montreal. He is also member of the Ordre des administrateurs agr\u00e9\u00e9s du Qu\u00e9bec. Due to his complementary studies in the United States and its export activities, he is fluent in French, English and Spanish.<\/p>\n","protected":false},"excerpt":{"rendered":"","protected":false},"author":2,"featured_media":938,"parent":0,"menu_order":34,"comment_status":"open","ping_status":"closed","template":"","meta":{"_acf_changed":false,"footnotes":""},"class_list":["post-454","page","type-page","status-publish","has-post-thumbnail","hentry"],"acf":[],"yoast_head":"<!-- This site is optimized with the Yoast SEO Premium plugin v20.3 (Yoast SEO v24.0) - https:\/\/yoast.com\/wordpress\/plugins\/seo\/ -->\n<title>Yves Blais - MERGERAC<\/title>\n<meta name=\"robots\" content=\"index, follow, max-snippet:-1, max-image-preview:large, max-video-preview:-1\" \/>\n<link rel=\"canonical\" href=\"https:\/\/mergerac.com\/en\/yves-blais\/\" \/>\n<meta property=\"og:locale\" content=\"en_US\" \/>\n<meta property=\"og:type\" content=\"article\" \/>\n<meta property=\"og:title\" content=\"Yves Blais\" \/>\n<meta property=\"og:description\" content=\"Yves has more than 30 years of experience in the management and negotiation of transactions. He knows well the needs and concerns of managers of SMEs for having experienced them personally during all these years. In the implementation of his mandates, he brings extensive experience and offers solutions which achieve the objectives of his clients...\" \/>\n<meta property=\"og:url\" content=\"https:\/\/mergerac.com\/en\/yves-blais\/\" \/>\n<meta property=\"og:site_name\" content=\"MERGERAC\" \/>\n<meta property=\"article:modified_time\" content=\"2016-11-21T11:41:36+00:00\" \/>\n<meta property=\"og:image\" content=\"https:\/\/mergerac.com\/wp-content\/uploads\/2013\/05\/contact_2.jpg\" \/>\n\t<meta property=\"og:image:width\" content=\"725\" \/>\n\t<meta property=\"og:image:height\" content=\"284\" \/>\n\t<meta property=\"og:image:type\" content=\"image\/jpeg\" \/>\n<meta name=\"twitter:label1\" content=\"Est. reading time\" \/>\n\t<meta name=\"twitter:data1\" content=\"1 minute\" \/>\n<script type=\"application\/ld+json\" class=\"yoast-schema-graph\">{\"@context\":\"https:\/\/schema.org\",\"@graph\":[{\"@type\":\"WebPage\",\"@id\":\"https:\/\/mergerac.com\/en\/yves-blais\/\",\"url\":\"https:\/\/mergerac.com\/en\/yves-blais\/\",\"name\":\"Yves Blais - MERGERAC\",\"isPartOf\":{\"@id\":\"https:\/\/mergerac.com\/#website\"},\"primaryImageOfPage\":{\"@id\":\"https:\/\/mergerac.com\/en\/yves-blais\/#primaryimage\"},\"image\":{\"@id\":\"https:\/\/mergerac.com\/en\/yves-blais\/#primaryimage\"},\"thumbnailUrl\":\"https:\/\/mergerac.com\/wp-content\/uploads\/2013\/05\/contact_2.jpg\",\"datePublished\":\"2013-04-26T05:35:18+00:00\",\"dateModified\":\"2016-11-21T11:41:36+00:00\",\"breadcrumb\":{\"@id\":\"https:\/\/mergerac.com\/en\/yves-blais\/#breadcrumb\"},\"inLanguage\":\"en-US\",\"potentialAction\":[{\"@type\":\"ReadAction\",\"target\":[\"https:\/\/mergerac.com\/en\/yves-blais\/\"]}]},{\"@type\":\"ImageObject\",\"inLanguage\":\"en-US\",\"@id\":\"https:\/\/mergerac.com\/en\/yves-blais\/#primaryimage\",\"url\":\"https:\/\/mergerac.com\/wp-content\/uploads\/2013\/05\/contact_2.jpg\",\"contentUrl\":\"https:\/\/mergerac.com\/wp-content\/uploads\/2013\/05\/contact_2.jpg\",\"width\":725,\"height\":284},{\"@type\":\"BreadcrumbList\",\"@id\":\"https:\/\/mergerac.com\/en\/yves-blais\/#breadcrumb\",\"itemListElement\":[{\"@type\":\"ListItem\",\"position\":1,\"name\":\"Home\",\"item\":\"https:\/\/mergerac.com\/en\/\"},{\"@type\":\"ListItem\",\"position\":2,\"name\":\"Yves Blais\"}]},{\"@type\":\"WebSite\",\"@id\":\"https:\/\/mergerac.com\/#website\",\"url\":\"https:\/\/mergerac.com\/\",\"name\":\"MERGERAC\",\"description\":\"Website\",\"potentialAction\":[{\"@type\":\"SearchAction\",\"target\":{\"@type\":\"EntryPoint\",\"urlTemplate\":\"https:\/\/mergerac.com\/?s={search_term_string}\"},\"query-input\":{\"@type\":\"PropertyValueSpecification\",\"valueRequired\":true,\"valueName\":\"search_term_string\"}}],\"inLanguage\":\"en-US\"}]}<\/script>\n<!-- \/ Yoast SEO Premium plugin. -->","yoast_head_json":{"title":"Yves Blais - MERGERAC","robots":{"index":"index","follow":"follow","max-snippet":"max-snippet:-1","max-image-preview":"max-image-preview:large","max-video-preview":"max-video-preview:-1"},"canonical":"https:\/\/mergerac.com\/en\/yves-blais\/","og_locale":"en_US","og_type":"article","og_title":"Yves Blais","og_description":"Yves has more than 30 years of experience in the management and negotiation of transactions. He knows well the needs and concerns of managers of SMEs for having experienced them personally during all these years. In the implementation of his mandates, he brings extensive experience and offers solutions which achieve the objectives of his clients...","og_url":"https:\/\/mergerac.com\/en\/yves-blais\/","og_site_name":"MERGERAC","article_modified_time":"2016-11-21T11:41:36+00:00","og_image":[{"width":725,"height":284,"url":"https:\/\/mergerac.com\/wp-content\/uploads\/2013\/05\/contact_2.jpg","type":"image\/jpeg"}],"twitter_misc":{"Est. reading time":"1 minute"},"schema":{"@context":"https:\/\/schema.org","@graph":[{"@type":"WebPage","@id":"https:\/\/mergerac.com\/en\/yves-blais\/","url":"https:\/\/mergerac.com\/en\/yves-blais\/","name":"Yves Blais - MERGERAC","isPartOf":{"@id":"https:\/\/mergerac.com\/#website"},"primaryImageOfPage":{"@id":"https:\/\/mergerac.com\/en\/yves-blais\/#primaryimage"},"image":{"@id":"https:\/\/mergerac.com\/en\/yves-blais\/#primaryimage"},"thumbnailUrl":"https:\/\/mergerac.com\/wp-content\/uploads\/2013\/05\/contact_2.jpg","datePublished":"2013-04-26T05:35:18+00:00","dateModified":"2016-11-21T11:41:36+00:00","breadcrumb":{"@id":"https:\/\/mergerac.com\/en\/yves-blais\/#breadcrumb"},"inLanguage":"en-US","potentialAction":[{"@type":"ReadAction","target":["https:\/\/mergerac.com\/en\/yves-blais\/"]}]},{"@type":"ImageObject","inLanguage":"en-US","@id":"https:\/\/mergerac.com\/en\/yves-blais\/#primaryimage","url":"https:\/\/mergerac.com\/wp-content\/uploads\/2013\/05\/contact_2.jpg","contentUrl":"https:\/\/mergerac.com\/wp-content\/uploads\/2013\/05\/contact_2.jpg","width":725,"height":284},{"@type":"BreadcrumbList","@id":"https:\/\/mergerac.com\/en\/yves-blais\/#breadcrumb","itemListElement":[{"@type":"ListItem","position":1,"name":"Home","item":"https:\/\/mergerac.com\/en\/"},{"@type":"ListItem","position":2,"name":"Yves Blais"}]},{"@type":"WebSite","@id":"https:\/\/mergerac.com\/#website","url":"https:\/\/mergerac.com\/","name":"MERGERAC","description":"Website","potentialAction":[{"@type":"SearchAction","target":{"@type":"EntryPoint","urlTemplate":"https:\/\/mergerac.com\/?s={search_term_string}"},"query-input":{"@type":"PropertyValueSpecification","valueRequired":true,"valueName":"search_term_string"}}],"inLanguage":"en-US"}]}},"_links":{"self":[{"href":"https:\/\/mergerac.com\/en\/wp-json\/wp\/v2\/pages\/454","targetHints":{"allow":["GET"]}}],"collection":[{"href":"https:\/\/mergerac.com\/en\/wp-json\/wp\/v2\/pages"}],"about":[{"href":"https:\/\/mergerac.com\/en\/wp-json\/wp\/v2\/types\/page"}],"author":[{"embeddable":true,"href":"https:\/\/mergerac.com\/en\/wp-json\/wp\/v2\/users\/2"}],"replies":[{"embeddable":true,"href":"https:\/\/mergerac.com\/en\/wp-json\/wp\/v2\/comments?post=454"}],"version-history":[{"count":1,"href":"https:\/\/mergerac.com\/en\/wp-json\/wp\/v2\/pages\/454\/revisions"}],"predecessor-version":[{"id":798,"href":"https:\/\/mergerac.com\/en\/wp-json\/wp\/v2\/pages\/454\/revisions\/798"}],"wp:featuredmedia":[{"embeddable":true,"href":"https:\/\/mergerac.com\/en\/wp-json\/wp\/v2\/media\/938"}],"wp:attachment":[{"href":"https:\/\/mergerac.com\/en\/wp-json\/wp\/v2\/media?parent=454"}],"curies":[{"name":"wp","href":"https:\/\/api.w.org\/{rel}","templated":true}]}}