{"id":255,"date":"2013-04-22T09:43:31","date_gmt":"2013-04-22T09:43:31","guid":{"rendered":"https:\/\/mergerac.com\/?page_id=255"},"modified":"2023-04-25T20:09:38","modified_gmt":"2023-04-25T20:09:38","slug":"home","status":"publish","type":"page","link":"https:\/\/mergerac.com\/en\/","title":{"rendered":"HOME"},"content":{"rendered":"\n<h1>\n\t\tmergers and acquisitions\n\t<\/h1>\n\t<p>Established in 1986, Mergerac offers specialized mergers and acquisitions<\/p>\n\t\t\t<a href=\"https:\/\/mergerac.com\/en\/about-us\/\" target=\"_self\" role=\"button\" rel=\"noopener\">\n\t\t\t\t\t\t\tLearn More\n\t\t\t\t\t<\/a>\n\t\t\t\t<img loading=\"lazy\" decoding=\"async\" src=\"https:\/\/mergerac.com\/wp-content\/uploads\/2023\/02\/fleche.png\" alt=\"fleche\" itemprop=\"image\" height=\"60\" width=\"70\" title=\"fleche\" onerror=\"this.style.display='none'\"  \/>\n<h2>\n\t\tACQUIRE\n\t<\/h2>\n\t<p>Ready to raise your business to the next level and exploit market opportunities?<\/p>\n\t\t\t<a href=\"https:\/\/mergerac.com\/en\/acquire\/\" target=\"_self\" role=\"button\" rel=\"noopener\">\n\t\t\t\t\t\t\tRead More\n\t\t\t\t\t<\/a>\n<h2>\n\t\tSELL\n\t<\/h2>\n\t<p>Ready to sell your business or find out how much your business is worth?<\/p>\n\t\t\t<a href=\"https:\/\/mergerac.com\/en\/sell\/\" target=\"_self\" role=\"button\" rel=\"noopener\">\n\t\t\t\t\t\t\tRead More\n\t\t\t\t\t<\/a>\n<h2>\n\t\tJOIN US\n\t<\/h2>\n\t<p>Mergerac assists you in defining your needs whether you are a seller or a buyer<\/p>\n\t\t\t<a href=\"https:\/\/mergerac.com\/en\/contact\/\" target=\"_self\" role=\"button\" rel=\"noopener\">\n\t\t\t\t\t\t\tRead More\n\t\t\t\t\t<\/a>\n<h2>\n\t\tABOUT US\n\t<\/h2>\n\t<p>The professionals at Mergerac all have many years of experience in the mergers and acquisitions area, as well as in various industries. They have the ability to analyze a company in terms of both its operations and its financials. This allows them to provide a significant contribution in any transaction<\/p>\n\t\t\t<a href=\"https:\/\/mergerac.com\/en\/about-us\/\" target=\"_self\" role=\"button\" rel=\"noopener\">\n\t\t\t\t\t\t\tRead More\n\t\t\t\t\t<\/a>\n\t\t\t\t<img loading=\"lazy\" decoding=\"async\" src=\"https:\/\/mergerac.com\/wp-content\/uploads\/2023\/02\/image001.jpg\" alt=\"image001\" itemprop=\"image\" height=\"561\" width=\"628\" title=\"image001\" onerror=\"this.style.display='none'\"  \/>\n\t\t\t\t<img loading=\"lazy\" decoding=\"async\" src=\"https:\/\/mergerac.com\/wp-content\/uploads\/2023\/02\/mergerac-8.jpg\" alt=\"mergerac 8\" itemprop=\"image\" height=\"499\" width=\"499\" title=\"mergerac 8\" onerror=\"this.style.display='none'\"  \/>\n<h2>\n\t\tINTERNATIONAL PRESENCE\n\t<\/h2>\n\t<p>Mergerac is the exclusive Quebec member of Pandion Partners, a network of independent firms specializing in mergers, acquisitions and corporate finance.<\/p>\n<p>&nbsp;<\/p>\n<p>Pandion Partners covers North and South America, Europe and Asia. The network also counts on different affiliations, alliances and other links to extend its coverage to other regions of the world, if appropriate. This flexible and intimate structure allows for a superior operational efficiency.<\/p>\n<p>&nbsp;<\/p>\n<p>A more comprehensive description of Pandion Partners can be found at www.pandionpartners.com.<\/p>\n<p>&nbsp;<\/p>\n<p>This network provides Mergerac with access to a larger base of candidates for sale situations, and assures it of identifying acquisition opportunities for any company wishing to expand outside of Quebec or Canada.<\/p>\n\t\t\t<a href=\"https:\/\/mergerac.com\/en\/international\/\" target=\"_self\" role=\"button\" rel=\"noopener\">\n\t\t\t\t\t\t\tRead More\n\t\t\t\t\t<\/a>\n<h2>\n\t\tGET A FREE CONSULTATION\n\t<\/h2>\n\t<div class=\"frm_forms  with_frm_style frm_style_formidable-style\" id=\"frm_form_5_container\" data-token=\"73ee298b0659c609889a20bf48a3bcd3\">\n<form enctype=\"multipart\/form-data\" method=\"post\" class=\"frm-show-form  frm_js_validate  frm_ajax_submit  frm_pro_form \" id=\"form_m45o6\" data-token=\"73ee298b0659c609889a20bf48a3bcd3\">\n<div class=\"frm_form_fields \">\n<fieldset>\n<legend class=\"frm_hidden\">GET A FREE CONSULTATION<\/legend>\r\n<div class=\"frm_fields_container\">\n<input type=\"hidden\" name=\"frm_action\" value=\"create\" \/>\n<input type=\"hidden\" name=\"form_id\" value=\"5\" \/>\n<input type=\"hidden\" name=\"frm_hide_fields_5\" id=\"frm_hide_fields_5\" value=\"\" \/>\n<input type=\"hidden\" name=\"form_key\" value=\"m45o6\" \/>\n<input type=\"hidden\" name=\"item_meta[0]\" value=\"\" \/>\n<input type=\"hidden\" id=\"frm_submit_entry_5\" name=\"frm_submit_entry_5\" value=\"92b257fba7\" \/><input type=\"hidden\" name=\"_wp_http_referer\" value=\"\/en\/wp-json\/wp\/v2\/pages\/255\" \/><div id=\"frm_field_67_container\" class=\"frm_form_field form-field  frm_required_field frm_top_container\">\r\n   <label for=\"field_bjhc0\" id=\"field_bjhc0_label\" class=\"frm_primary_label\">Type of request\r\n        <span class=\"frm_required\" aria-hidden=\"true\">*<\/span>\r\n    <\/label>\r\n    \t\t<select name=\"item_meta[67]\" id=\"field_bjhc0\"  data-reqmsg=\"Type of request cannot be blank.\" aria-required=\"true\" data-invmsg=\"Type of request is invalid\" aria-invalid=\"false\"  >\n\t\t<option  value=\"Type of request\">Type of request<\/option><option  value=\"I want to sell my company  (1 million $ +)\">I want to sell my company  (1 million $ +)<\/option><option  value=\"I want to sell a subsidiary  (1 million $ +)\">I want to sell a subsidiary  (1 million $ +)<\/option><option  value=\"I want to buy out my boss (MBO)  (1 million $ +)\">I want to buy out my boss (MBO)  (1 million $ +)<\/option><option  value=\"I want to buy a SME   (1 million $ +)\">I want to buy a SME   (1 million $ +)<\/option><option  value=\"I am looking at the international market\">I am looking at the international market<\/option><option  value=\"Other\">Other<\/option>\t<\/select>\n\t\r\n    \r\n    \r\n<\/div>\n<div id=\"frm_field_64_container\" class=\"frm_form_field form-field  frm_required_field frm_top_container\">\r\n   <label for=\"field_crgmo\" id=\"field_crgmo_label\" class=\"frm_primary_label\">Your name\r\n        <span class=\"frm_required\" aria-hidden=\"true\">*<\/span>\r\n    <\/label>\r\n    <input type=\"text\" id=\"field_crgmo\" name=\"item_meta[64]\" value=\"\"  data-reqmsg=\"Your name cannot be blank.\" aria-required=\"true\" data-invmsg=\"Single Line Text is invalid\" aria-invalid=\"false\"  \/>\r\n    \r\n    \r\n<\/div>\n<div id=\"frm_field_65_container\" class=\"frm_form_field form-field  frm_required_field frm_top_container\">\r\n   <label for=\"field_fzuyc\" id=\"field_fzuyc_label\" class=\"frm_primary_label\">Your email\r\n        <span class=\"frm_required\" aria-hidden=\"true\">*<\/span>\r\n    <\/label>\r\n    <input type=\"email\" id=\"field_fzuyc\" name=\"item_meta[65]\" value=\"\"  data-reqmsg=\"Your email cannot be blank.\" aria-required=\"true\" data-invmsg=\"Email Address is invalid\" aria-invalid=\"false\"  \/>\r\n    \r\n    \r\n<\/div>\n<div id=\"frm_field_85_container\" class=\"frm_form_field form-field  frm_required_field frm_top_container\">\r\n   <label for=\"field_sy3ro\" id=\"field_sy3ro_label\" class=\"frm_primary_label\">Your telephone number\r\n        <span class=\"frm_required\" aria-hidden=\"true\">*<\/span>\r\n    <\/label>\r\n    <input type=\"text\" id=\"field_sy3ro\" name=\"item_meta[85]\" value=\"\"  data-reqmsg=\"Your telephone number cannot be blank.\" aria-required=\"true\" data-invmsg=\"Single Line Text is invalid\" aria-invalid=\"false\"  \/>\r\n    \r\n    \r\n<\/div>\n<div id=\"frm_field_96_container\" class=\"frm_form_field form-field \">\r\n\t<div class=\"frm_submit\">\r\n\r\n<i class=\"fas fa-angle-right\"><\/i>\r\n<span class=\"line\"><\/span>\r\n<input type=\"submit\" value=\"Submit\"  class=\"frm_final_submit\" formnovalidate=\"formnovalidate\" \/>\r\n\r\n<\/div>\r\n<\/div>\n\t<input type=\"hidden\" name=\"item_key\" value=\"\" \/>\n\t\t\t\t<div class=\"frm__674d61908045e\">\n\t\t\t\t<label for=\"frm_email_5\" >\n\t\t\t\t\tIf you are human, leave this field blank.\t\t\t\t<\/label>\n\t\t\t\t<input  id=\"frm_email_5\" type=\"email\" class=\"frm_verify\" name=\"frm__674d61908045e\" value=\"\"  \/>\n\t\t\t<\/div>\n\t\t<input name=\"frm_state\" type=\"hidden\" value=\"bvKUPScx25\/UMJlzja5bhhgUOCJaZc9a0JQWOCclDbU=\" \/><span>Any information will be treated in a strictly confidential manner<\/span><\/div>\n<\/fieldset>\n<\/div>\n\n<\/form>\n<\/div>\n\n\t\t\t\t<img loading=\"lazy\" decoding=\"async\" src=\"https:\/\/mergerac.com\/wp-content\/uploads\/2023\/02\/unnamed-2.jpg\" alt=\"unnamed (2)\" itemprop=\"image\" height=\"561\" width=\"628\" title=\"unnamed (2)\" onerror=\"this.style.display='none'\"  \/>\n<h2>\n\t\tTRANSACTIONS\n\t<\/h2>\n\t\t\t\t\t<a href=\"#\" id=\"fl-accordion--label-0\" tabindex=\"0\" aria-controls=\"fl-accordion--panel-0\">Trade (wholesale and retail)<\/a>\n\t\t\t\t\t\t\t\t\t\t\t<a href=\"#\" id=\"fl-accordion--icon-0\" tabindex=\"0\" aria-controls=\"fl-accordion--panel-0\"><i>Expand<\/i><\/a>\n\t\t\t\t\t<p><a href=\"https:\/\/mergerac.com\/wp-content\/uploads\/2022\/09\/chuttersnap-BNBA1h-NgdY-unsplash-1-300x108.jpg\"><img loading=\"lazy\" decoding=\"async\" src=\"https:\/\/mergerac.com\/wp-content\/uploads\/2022\/09\/chuttersnap-BNBA1h-NgdY-unsplash-1-300x108.jpg\" alt=\"\" width=\"937\" height=\"337\" \/><\/a><\/p>\n<p>&nbsp;<\/p>\n<ul>\n<li>Chevrons Rivard (1980) (Mat\u00e9riaux Coupal)<\/li>\n<li>Cantrex Group Inc.<\/li>\n<li>Distribution 2020 inc. (Richelieu Hardware)<\/li>\n<li>EXP-AIR Climatisation-R\u00e9frig\u00e9ration inc. (NAVADA Lt\u00e9e.)<\/li>\n<li>Hodges &amp; Lettau Inc.<\/li>\n<li>LGL Chapdelaine Ltd. RONA (Patrick Morin Group)<\/li>\n<li>Gamma Rental Inc.<\/li>\n<li>J. Marcel Paquette &amp; Fils Ltd. (BMR)<\/li>\n<li>Noremco Distribution (Building materials)<\/li>\n<li>Pointe &amp; Meunier Home Hardware (Lesp\u00e9rance Group)<\/li>\n<li>Williams &amp; Wilson Ltd.<\/li>\n<\/ul>\n\t\t\t\t\t<a href=\"#\" id=\"fl-accordion--label-1\" tabindex=\"0\" aria-controls=\"fl-accordion--panel-1\">Food and drink<\/a>\n\t\t\t\t\t\t\t\t\t\t\t<a href=\"#\" id=\"fl-accordion--icon-1\" tabindex=\"0\" aria-controls=\"fl-accordion--panel-1\"><i>Expand<\/i><\/a>\n\t\t\t\t\t<p><a href=\"https:\/\/mergerac.com\/wp-content\/uploads\/2022\/09\/jimmy-dean-Yn0l7uwBrpw-unsplash-1.jpg-300x108.png\"><img loading=\"lazy\" decoding=\"async\" src=\"https:\/\/mergerac.com\/wp-content\/uploads\/2022\/09\/jimmy-dean-Yn0l7uwBrpw-unsplash-1.jpg-300x108.png\" alt=\"\" width=\"1000\" height=\"360\" \/><\/a><\/p>\n<p>&nbsp;<\/p>\n<ul>\n<li>Alimentation Couche-Tard Inc.<\/li>\n<li>Bergeron-les-Vins (Le Marchand de Vin)<\/li>\n<li>Culinar Inc. (3 divestitures)<\/li>\n<li>Divin Paradis (9333-5107 Qu\u00e9bec inc.)<\/li>\n<li>Focus Cellars (Divin Paradis inc.)<\/li>\n<li>Jardins Val-Mont Inc.<\/li>\n<li>La Coop f\u00e9d\u00e9r\u00e9e (7 acquisitions)<\/li>\n<li>La Vie en Vrac (K2KAPITAL Inc.)<\/li>\n<li>Nutribec Ltd. (Feed grain production)<\/li>\n<li>Nutricom Inc. (Food supplement)<\/li>\n<li>Provigo Inc. (Loblaws) (4 divestitures)<\/li>\n<li>Shefford administrative services Ltd. (Divin Paradis inc.)<\/li>\n<li>Stork Canada Inc. (Candy maker)<\/li>\n<\/ul>\n\t\t\t\t\t<a href=\"#\" id=\"fl-accordion--label-2\" tabindex=\"0\" aria-controls=\"fl-accordion--panel-2\">Health and beauty<\/a>\n\t\t\t\t\t\t\t\t\t\t\t<a href=\"#\" id=\"fl-accordion--icon-2\" tabindex=\"0\" aria-controls=\"fl-accordion--panel-2\"><i>Expand<\/i><\/a>\n\t\t\t\t\t<p><a href=\"https:\/\/mergerac.com\/wp-content\/uploads\/2022\/09\/viva-luna-studios-KiQt6CC0BvY-unsplash-300x108.jpg\"><img loading=\"lazy\" decoding=\"async\" src=\"https:\/\/mergerac.com\/wp-content\/uploads\/2022\/09\/viva-luna-studios-KiQt6CC0BvY-unsplash-300x108.jpg\" alt=\"\" width=\"858\" height=\"309\" \/><\/a><\/p>\n<p>&nbsp;<\/p>\n<ul>\n<li>Centre Postura inc.<\/li>\n<li>Procyon BioPharma Inc.<\/li>\n<\/ul>\n\t\t\t\t\t<a href=\"#\" id=\"fl-accordion--label-3\" tabindex=\"0\" aria-controls=\"fl-accordion--panel-3\">IT, Media and Communications<\/a>\n\t\t\t\t\t\t\t\t\t\t\t<a href=\"#\" id=\"fl-accordion--icon-3\" tabindex=\"0\" aria-controls=\"fl-accordion--panel-3\"><i>Expand<\/i><\/a>\n\t\t\t\t\t<p><a href=\"https:\/\/mergerac.com\/wp-content\/uploads\/2022\/09\/christina-wocintechchat-com-ftCWdZOFZqo-unsplash-300x108.jpg\"><img loading=\"lazy\" decoding=\"async\" src=\"https:\/\/mergerac.com\/wp-content\/uploads\/2022\/09\/christina-wocintechchat-com-ftCWdZOFZqo-unsplash-300x108.jpg\" alt=\"\" width=\"903\" height=\"325\" \/><\/a><\/p>\n<p>&nbsp;<\/p>\n<ul>\n<li>Auto Hebdo Inc.<\/li>\n<li>Computer Assembly Systems Ltd.<\/li>\n<li>Equifax Canada Inc.<\/li>\n<li>FoxMeyer Canada Inc.<\/li>\n<li>Les Ordinateurs Hypocrat Inc. (2 transactions)<\/li>\n<li>PNMD Communications Inc.<\/li>\n<li>TC Transcontinental Group Inc.<\/li>\n<li>TelDig Systems Inc. (Olameter Inc.)<\/li>\n<\/ul>\n\t\t\t\t\t<a href=\"#\" id=\"fl-accordion--label-4\" tabindex=\"0\" aria-controls=\"fl-accordion--panel-4\">Manufacturing<\/a>\n\t\t\t\t\t\t\t\t\t\t\t<a href=\"#\" id=\"fl-accordion--icon-4\" tabindex=\"0\" aria-controls=\"fl-accordion--panel-4\"><i>Expand<\/i><\/a>\n\t\t\t\t\t<p><a href=\"https:\/\/mergerac.com\/wp-content\/uploads\/2022\/09\/arshad-pooloo-FK3s0hRpMNM-unsplash-300x108.jpg\"><img loading=\"lazy\" decoding=\"async\" src=\"https:\/\/mergerac.com\/wp-content\/uploads\/2022\/09\/arshad-pooloo-FK3s0hRpMNM-unsplash-300x108.jpg\" alt=\"\" width=\"875\" height=\"315\" \/><\/a><\/p>\n<p>&nbsp;<\/p>\n<ul>\n<li>Denharco Inc.<\/li>\n<li>Dupont Canada Inc.<\/li>\n<li>Eucania International Inc. (Revcor Inc.)<\/li>\n<li>Granirex Inc<\/li>\n<li>Johnson &amp; Johnson<\/li>\n<li>Bouthillier Management Companies Inc. (Lavo Group)<\/li>\n<li>Mondor Ltd.<\/li>\n<li>Prokit Structural Inc. (Mauricienne Roofing)<\/li>\n<li>S. E. P. Technologies Inc. (Multisyst\u00e8me inc.)<\/li>\n<\/ul>\n\t\t\t\t\t<a href=\"#\" id=\"fl-accordion--label-5\" tabindex=\"0\" aria-controls=\"fl-accordion--panel-5\">Transport<\/a>\n\t\t\t\t\t\t\t\t\t\t\t<a href=\"#\" id=\"fl-accordion--icon-5\" tabindex=\"0\" aria-controls=\"fl-accordion--panel-5\"><i>Expand<\/i><\/a>\n\t\t\t\t\t<p><a href=\"https:\/\/mergerac.com\/wp-content\/uploads\/2022\/09\/joey-kyber-45FJgZMXCK8-unsplash-1-300x108.jpg\"><img loading=\"lazy\" decoding=\"async\" src=\"https:\/\/mergerac.com\/wp-content\/uploads\/2022\/09\/joey-kyber-45FJgZMXCK8-unsplash-1-300x108.jpg\" alt=\"\" width=\"905\" height=\"326\" \/><\/a><\/p>\n<p>&nbsp;<\/p>\n<ul>\n<li>Expeditex Inc. (Transforce)<\/li>\n<li>Provost Corporation Ltd.<\/li>\n<li>Sumabus (Socanav Inc.)<\/li>\n<\/ul>\n\t\t\t\t\t<a href=\"#\" id=\"fl-accordion--label-6\" tabindex=\"0\" aria-controls=\"fl-accordion--panel-6\">Professional services<\/a>\n\t\t\t\t\t\t\t\t\t\t\t<a href=\"#\" id=\"fl-accordion--icon-6\" tabindex=\"0\" aria-controls=\"fl-accordion--panel-6\"><i>Expand<\/i><\/a>\n\t\t\t\t\t<p><a href=\"https:\/\/mergerac.com\/wp-content\/uploads\/2022\/09\/nordwood-themes-kRNZiGKtz48-unsplash-300x108.jpg\"><img loading=\"lazy\" decoding=\"async\" src=\"https:\/\/mergerac.com\/wp-content\/uploads\/2022\/09\/nordwood-themes-kRNZiGKtz48-unsplash-300x108.jpg\" alt=\"\" width=\"892\" height=\"321\" \/><\/a><\/p>\n<p>&nbsp;<\/p>\n<ul>\n<li>Assurances V\u00e9zina, Leduc &amp; Bisaillon Inc. (Geska Assurances &amp; Conseils inc.)<\/li>\n<li>Duo Assurances Inc. (Geska Assurances &amp; Conseils inc.)<\/li>\n<li>Entreprises Sib\u00e9ca Inc. (Real estate development)<\/li>\n<li>GeoStructure Instruments Inc.<\/li>\n<li>Groupe Poly-M2 (Controlnet Services d&#8217;entretien d&#8217;immeubles inc.)<\/li>\n<li>LCS (Leautec &#8211; Crystal &#8211; Soleil) (POSEIDON, Piscines et Spas)<\/li>\n<li>Leonard &amp; Parisien Inc.<\/li>\n<li>Services Techniques Laval Inc.<\/li>\n<li>SNC-Lavalin Inc.<\/li>\n<li>Urgel Bourgie Ltd.<\/li>\n<\/ul>\n\n","protected":false},"excerpt":{"rendered":"","protected":false},"author":2,"featured_media":1466,"parent":0,"menu_order":6,"comment_status":"open","ping_status":"closed","template":"","meta":{"_acf_changed":false,"footnotes":""},"class_list":["post-255","page","type-page","status-publish","has-post-thumbnail","hentry"],"acf":[],"yoast_head":"<!-- This site is optimized with the Yoast SEO Premium plugin v20.3 (Yoast SEO v24.0) - https:\/\/yoast.com\/wordpress\/plugins\/seo\/ -->\n<title>HOME - MERGERAC<\/title>\n<meta name=\"robots\" content=\"index, follow, max-snippet:-1, max-image-preview:large, max-video-preview:-1\" \/>\n<link rel=\"canonical\" href=\"https:\/\/mergerac.com\/en\/\" \/>\n<meta property=\"og:locale\" content=\"en_US\" \/>\n<meta property=\"og:type\" content=\"article\" \/>\n<meta property=\"og:title\" content=\"HOME\" \/>\n<meta property=\"og:description\" content=\"mergers and acquisitions Established in 1986, Mergerac offers specialized mergers and acquisitions Learn More ACQUIRE Ready to raise your business to the next level and exploit market opportunities? Read More SELL Ready to sell your business or find out how much your business is worth? Read More JOIN US Mergerac assists you in defining your...\" \/>\n<meta property=\"og:url\" content=\"https:\/\/mergerac.com\/en\/\" \/>\n<meta property=\"og:site_name\" content=\"MERGERAC\" \/>\n<meta property=\"article:modified_time\" content=\"2023-04-25T20:09:38+00:00\" \/>\n<meta property=\"og:image\" content=\"https:\/\/mergerac.com\/wp-content\/uploads\/2013\/04\/banner1.png\" \/>\n\t<meta property=\"og:image:width\" content=\"725\" \/>\n\t<meta property=\"og:image:height\" content=\"284\" \/>\n\t<meta property=\"og:image:type\" content=\"image\/png\" \/>\n<meta name=\"twitter:label1\" content=\"Est. reading time\" \/>\n\t<meta name=\"twitter:data1\" content=\"3 minutes\" \/>\n<script type=\"application\/ld+json\" class=\"yoast-schema-graph\">{\"@context\":\"https:\/\/schema.org\",\"@graph\":[{\"@type\":\"WebPage\",\"@id\":\"https:\/\/mergerac.com\/en\/\",\"url\":\"https:\/\/mergerac.com\/en\/\",\"name\":\"HOME - MERGERAC\",\"isPartOf\":{\"@id\":\"https:\/\/mergerac.com\/#website\"},\"primaryImageOfPage\":{\"@id\":\"https:\/\/mergerac.com\/en\/#primaryimage\"},\"image\":{\"@id\":\"https:\/\/mergerac.com\/en\/#primaryimage\"},\"thumbnailUrl\":\"https:\/\/mergerac.com\/wp-content\/uploads\/2013\/04\/banner1.png\",\"datePublished\":\"2013-04-22T09:43:31+00:00\",\"dateModified\":\"2023-04-25T20:09:38+00:00\",\"breadcrumb\":{\"@id\":\"https:\/\/mergerac.com\/en\/#breadcrumb\"},\"inLanguage\":\"en-US\",\"potentialAction\":[{\"@type\":\"ReadAction\",\"target\":[\"https:\/\/mergerac.com\/en\/\"]}]},{\"@type\":\"ImageObject\",\"inLanguage\":\"en-US\",\"@id\":\"https:\/\/mergerac.com\/en\/#primaryimage\",\"url\":\"https:\/\/mergerac.com\/wp-content\/uploads\/2013\/04\/banner1.png\",\"contentUrl\":\"https:\/\/mergerac.com\/wp-content\/uploads\/2013\/04\/banner1.png\",\"width\":725,\"height\":284},{\"@type\":\"BreadcrumbList\",\"@id\":\"https:\/\/mergerac.com\/en\/#breadcrumb\",\"itemListElement\":[{\"@type\":\"ListItem\",\"position\":1,\"name\":\"Home\",\"item\":\"https:\/\/mergerac.com\/en\/\"},{\"@type\":\"ListItem\",\"position\":2,\"name\":\"HOME\"}]},{\"@type\":\"WebSite\",\"@id\":\"https:\/\/mergerac.com\/#website\",\"url\":\"https:\/\/mergerac.com\/\",\"name\":\"MERGERAC\",\"description\":\"Website\",\"potentialAction\":[{\"@type\":\"SearchAction\",\"target\":{\"@type\":\"EntryPoint\",\"urlTemplate\":\"https:\/\/mergerac.com\/?s={search_term_string}\"},\"query-input\":{\"@type\":\"PropertyValueSpecification\",\"valueRequired\":true,\"valueName\":\"search_term_string\"}}],\"inLanguage\":\"en-US\"}]}<\/script>\n<!-- \/ Yoast SEO Premium plugin. -->","yoast_head_json":{"title":"HOME - MERGERAC","robots":{"index":"index","follow":"follow","max-snippet":"max-snippet:-1","max-image-preview":"max-image-preview:large","max-video-preview":"max-video-preview:-1"},"canonical":"https:\/\/mergerac.com\/en\/","og_locale":"en_US","og_type":"article","og_title":"HOME","og_description":"mergers and acquisitions Established in 1986, Mergerac offers specialized mergers and acquisitions Learn More ACQUIRE Ready to raise your business to the next level and exploit market opportunities? Read More SELL Ready to sell your business or find out how much your business is worth? Read More JOIN US Mergerac assists you in defining your...","og_url":"https:\/\/mergerac.com\/en\/","og_site_name":"MERGERAC","article_modified_time":"2023-04-25T20:09:38+00:00","og_image":[{"width":725,"height":284,"url":"https:\/\/mergerac.com\/wp-content\/uploads\/2013\/04\/banner1.png","type":"image\/png"}],"twitter_misc":{"Est. reading time":"3 minutes"},"schema":{"@context":"https:\/\/schema.org","@graph":[{"@type":"WebPage","@id":"https:\/\/mergerac.com\/en\/","url":"https:\/\/mergerac.com\/en\/","name":"HOME - MERGERAC","isPartOf":{"@id":"https:\/\/mergerac.com\/#website"},"primaryImageOfPage":{"@id":"https:\/\/mergerac.com\/en\/#primaryimage"},"image":{"@id":"https:\/\/mergerac.com\/en\/#primaryimage"},"thumbnailUrl":"https:\/\/mergerac.com\/wp-content\/uploads\/2013\/04\/banner1.png","datePublished":"2013-04-22T09:43:31+00:00","dateModified":"2023-04-25T20:09:38+00:00","breadcrumb":{"@id":"https:\/\/mergerac.com\/en\/#breadcrumb"},"inLanguage":"en-US","potentialAction":[{"@type":"ReadAction","target":["https:\/\/mergerac.com\/en\/"]}]},{"@type":"ImageObject","inLanguage":"en-US","@id":"https:\/\/mergerac.com\/en\/#primaryimage","url":"https:\/\/mergerac.com\/wp-content\/uploads\/2013\/04\/banner1.png","contentUrl":"https:\/\/mergerac.com\/wp-content\/uploads\/2013\/04\/banner1.png","width":725,"height":284},{"@type":"BreadcrumbList","@id":"https:\/\/mergerac.com\/en\/#breadcrumb","itemListElement":[{"@type":"ListItem","position":1,"name":"Home","item":"https:\/\/mergerac.com\/en\/"},{"@type":"ListItem","position":2,"name":"HOME"}]},{"@type":"WebSite","@id":"https:\/\/mergerac.com\/#website","url":"https:\/\/mergerac.com\/","name":"MERGERAC","description":"Website","potentialAction":[{"@type":"SearchAction","target":{"@type":"EntryPoint","urlTemplate":"https:\/\/mergerac.com\/?s={search_term_string}"},"query-input":{"@type":"PropertyValueSpecification","valueRequired":true,"valueName":"search_term_string"}}],"inLanguage":"en-US"}]}},"_links":{"self":[{"href":"https:\/\/mergerac.com\/en\/wp-json\/wp\/v2\/pages\/255","targetHints":{"allow":["GET"]}}],"collection":[{"href":"https:\/\/mergerac.com\/en\/wp-json\/wp\/v2\/pages"}],"about":[{"href":"https:\/\/mergerac.com\/en\/wp-json\/wp\/v2\/types\/page"}],"author":[{"embeddable":true,"href":"https:\/\/mergerac.com\/en\/wp-json\/wp\/v2\/users\/2"}],"replies":[{"embeddable":true,"href":"https:\/\/mergerac.com\/en\/wp-json\/wp\/v2\/comments?post=255"}],"version-history":[{"count":65,"href":"https:\/\/mergerac.com\/en\/wp-json\/wp\/v2\/pages\/255\/revisions"}],"predecessor-version":[{"id":2457,"href":"https:\/\/mergerac.com\/en\/wp-json\/wp\/v2\/pages\/255\/revisions\/2457"}],"wp:featuredmedia":[{"embeddable":true,"href":"https:\/\/mergerac.com\/en\/wp-json\/wp\/v2\/media\/1466"}],"wp:attachment":[{"href":"https:\/\/mergerac.com\/en\/wp-json\/wp\/v2\/media?parent=255"}],"curies":[{"name":"wp","href":"https:\/\/api.w.org\/{rel}","templated":true}]}}