{"id":1739,"date":"2022-10-03T13:44:46","date_gmt":"2022-10-03T13:44:46","guid":{"rendered":"https:\/\/mergerac.com\/contact-2\/"},"modified":"2023-04-25T20:12:48","modified_gmt":"2023-04-25T20:12:48","slug":"contact","status":"publish","type":"page","link":"https:\/\/mergerac.com\/en\/contact\/","title":{"rendered":"Contact"},"content":{"rendered":"\n<h2>\n\t\tYVES BLAIS\n\t<\/h2>\n\t<p><a href=\"https:\/\/mergerac.com\/wp-content\/uploads\/2023\/04\/Photo-Yves-Egypte-4-226x300.jpg\"><img loading=\"lazy\" decoding=\"async\" src=\"https:\/\/mergerac.com\/wp-content\/uploads\/2023\/04\/Photo-Yves-Egypte-4-226x300.jpg\" alt=\"\" width=\"163\" height=\"216\" \/><\/a>Yves has more than 30 years of experience in the management and negotiation of transactions.\u00a0He knows well the needs and concerns of managers of SMEs for having experienced them personally during all these years.<\/p>\n<p>In the implementation of his mandates, he brings extensive experience and offers solutions which achieve the objectives of his clients since he himself founded, led, merged and sold companies in the past.<\/p>\n<p>He gained practical knowledge and direct relationships with various industries and sub-industries such as services, distribution, manufacturing, retail and export. His skills brought him, throughout his career, to be part of several regional organizations for economic development and various advisory committees of financial institutions and public or private companies nationwide.<\/p>\n<p>Yves holds a degree in finance and marketing from HEC Montreal. He is also member of the Ordre des administrateurs agr\u00e9\u00e9s du Qu\u00e9bec.<\/p>\n<p>Due to his complementary studies in the United States and its export activities, he is fluent in French, English and Spanish.<\/p>\n\t\t\t\t<a href=\"#team_section\" target=\"_self\" itemprop=\"url\" rel=\"noopener\">\n\t\t\t\t<img loading=\"lazy\" decoding=\"async\" src=\"https:\/\/mergerac.com\/wp-content\/uploads\/2023\/02\/fleche.png\" alt=\"fleche\" itemprop=\"image\" height=\"60\" width=\"70\" title=\"fleche\" onerror=\"this.style.display='none'\"  \/>\n\t\t\t\t<\/a>\n<h2>\n\t\tGET A FREE CONSULTATION\n\t<\/h2>\n\t<div class=\"frm_forms  with_frm_style frm_style_formidable-style\" id=\"frm_form_6_container\" data-token=\"bce6bd40ac4ec350679a7abc15550e9b\">\n<form enctype=\"multipart\/form-data\" method=\"post\" class=\"frm-show-form contact_form_class frm_js_validate  frm_ajax_submit  frm_pro_form \" id=\"form_hbr7i\" data-token=\"bce6bd40ac4ec350679a7abc15550e9b\">\n<div class=\"frm_form_fields \">\n<fieldset>\n<legend class=\"frm_hidden\">Contact page form<\/legend><div class=\"frm_fields_container\">\n<input type=\"hidden\" name=\"frm_action\" value=\"create\" \/>\n<input type=\"hidden\" name=\"form_id\" value=\"6\" \/>\n<input type=\"hidden\" name=\"frm_hide_fields_6\" id=\"frm_hide_fields_6\" value=\"\" \/>\n<input type=\"hidden\" name=\"form_key\" value=\"hbr7i\" \/>\n<input type=\"hidden\" name=\"item_meta[0]\" value=\"\" \/>\n<input type=\"hidden\" id=\"frm_submit_entry_6\" name=\"frm_submit_entry_6\" value=\"7ae2f84e74\" \/><input type=\"hidden\" name=\"_wp_http_referer\" value=\"\/en\/wp-json\/wp\/v2\/pages\/1739\" \/><div id=\"frm_field_73_container\" class=\"frm_form_field form-field  frm_top_container dropdown_contact_page\">\r\n   <label for=\"field_ztr1a\" id=\"field_ztr1a_label\" class=\"frm_primary_label\">Type of request\r\n        <span class=\"frm_required\" aria-hidden=\"true\"><\/span>\r\n    <\/label>\r\n    \t\t<select name=\"item_meta[73]\" id=\"field_ztr1a\"  data-invmsg=\"Type of request is invalid\" aria-invalid=\"false\"  >\n\t\t<option  value=\"I want to sell my company  (1 million $ +)\">I want to sell my company  (1 million $ +)<\/option><option  value=\"I want to sell a subsidiary  (1 million $ +)\">I want to sell a subsidiary  (1 million $ +)<\/option><option  value=\"I want to buy out my boss (MBO)  (1 million $ +)\">I want to buy out my boss (MBO)  (1 million $ +)<\/option><option  value=\"I want to buy a SME  (1 million $ +)\">I want to buy a SME  (1 million $ +)<\/option><option  value=\"I am looking at the international market\">I am looking at the international market<\/option><option  value=\"Type of request\">Type of request<\/option>\t<\/select>\n\t\r\n    \r\n    \r\n<\/div><\/div>\n<div class=\"col-md-4\"><div id=\"frm_field_69_container\" class=\"frm_form_field form-field  frm_required_field frm_top_container\">\r\n   <label for=\"field_q4in2\" id=\"field_q4in2_label\" class=\"frm_primary_label\">Your name\r\n        <span class=\"frm_required\" aria-hidden=\"true\">*<\/span>\r\n    <\/label>\r\n    <input type=\"text\" id=\"field_q4in2\" name=\"item_meta[69]\" value=\"\"  data-reqmsg=\"Your name cannot be blank.\" aria-required=\"true\" data-invmsg=\"Single Line Text is invalid\" aria-invalid=\"false\"  \/>\r\n    \r\n    \r\n<\/div>\n<div id=\"frm_field_71_container\" class=\"frm_form_field form-field  frm_required_field frm_top_container\">\r\n   <label for=\"field_3aumn\" id=\"field_3aumn_label\" class=\"frm_primary_label\">Your email\r\n        <span class=\"frm_required\" aria-hidden=\"true\">*<\/span>\r\n    <\/label>\r\n    <input type=\"email\" id=\"field_3aumn\" name=\"item_meta[71]\" value=\"\"  data-reqmsg=\"Your email cannot be blank.\" aria-required=\"true\" data-invmsg=\"Email Address is invalid\" aria-invalid=\"false\"  \/>\r\n    \r\n    \r\n<\/div>\n<div id=\"frm_field_87_container\" class=\"frm_form_field form-field  frm_required_field frm_top_container\">\r\n   <label for=\"field_vmiae\" id=\"field_vmiae_label\" class=\"frm_primary_label\">Your telephone number\r\n        <span class=\"frm_required\" aria-hidden=\"true\">*<\/span>\r\n    <\/label>\r\n    <input type=\"text\" id=\"field_vmiae\" name=\"item_meta[87]\" value=\"\"  data-reqmsg=\"Your telephone number cannot be blank.\" aria-required=\"true\" data-invmsg=\"Single Line Text is invalid\" aria-invalid=\"false\"  \/>\r\n    \r\n    \r\n<\/div><\/div>\n<div class=\"col-md-8\"><div id=\"frm_field_70_container\" class=\"frm_form_field form-field  frm_required_field frm_top_container textarea_contact\">\r\n   <label for=\"field_si6nf\" id=\"field_si6nf_label\" class=\"frm_primary_label\">Your message\r\n        <span class=\"frm_required\" aria-hidden=\"true\">*<\/span>\r\n    <\/label>\r\n    <textarea name=\"item_meta[70]\" id=\"field_si6nf\" rows=\"5\"  data-reqmsg=\"Your message cannot be blank.\" aria-required=\"true\" data-invmsg=\"Paragraph Text is invalid\" aria-invalid=\"false\"  ><\/textarea>\r\n    \r\n    \r\n<\/div>\n<div id=\"frm_field_94_container\" class=\"frm_form_field form-field \">\r\n\t<div class=\"frm_submit\">\r\n\r\n<i class=\"fas fa-angle-right\"><\/i>\r\n<span class=\"line\"><\/span>\r\n<input type=\"submit\" value=\"Submit\"  class=\"frm_final_submit\" formnovalidate=\"formnovalidate\" \/>\r\n\r\n<\/div>\r\n<\/div>\n\t<input type=\"hidden\" name=\"item_key\" value=\"\" \/>\n\t\t\t\t<div class=\"frm__674d61908045e\">\n\t\t\t\t<label for=\"frm_email_6\" >\n\t\t\t\t\tIf you are human, leave this field blank.\t\t\t\t<\/label>\n\t\t\t\t<input  id=\"frm_email_6\" type=\"email\" class=\"frm_verify\" name=\"frm__674d61908045e\" value=\"\"  \/>\n\t\t\t<\/div>\n\t\t<input name=\"frm_state\" type=\"hidden\" value=\"9VYjvAESxFEQPJgIjh2YHC16NVvXbghRa2Ct47yMWqk=\" \/><span>Any information will be treated in a strictly confidential manner<\/span><\/div>\n<\/fieldset>\n<\/div>\n\n<\/form>\n<\/div>\n\n<h2>\n\t\tINTERNATIONAL TEAM\n\t<\/h2>\n\t\t\t\t<img loading=\"lazy\" decoding=\"async\" src=\"https:\/\/mergerac.com\/wp-content\/uploads\/2022\/11\/23.jpg\" alt=\"David Prudek\" itemprop=\"image\" height=\"250\" width=\"250\" title=\"David Prudek\" onerror=\"this.style.display='none'\"  \/>\n<h4>\n\t\tThomas Wally\n\t<\/h4>\n\t<p>Austria<\/p>\n\t\t\t\t<img loading=\"lazy\" decoding=\"async\" src=\"https:\/\/mergerac.com\/wp-content\/uploads\/2022\/11\/7.jpg\" alt=\"Marc Freyen\" itemprop=\"image\" height=\"250\" width=\"250\" title=\"Marc Freyen\" onerror=\"this.style.display='none'\"  \/>\n<h4>\n\t\tMarc Feyen\n\t<\/h4>\n\t<p>Belgium<\/p>\n\t\t\t\t<img loading=\"lazy\" decoding=\"async\" src=\"https:\/\/mergerac.com\/wp-content\/uploads\/2022\/11\/22.jpg\" alt=\"22\" itemprop=\"image\" height=\"250\" width=\"250\" title=\"22\" onerror=\"this.style.display='none'\"  \/>\n<h4>\n\t\tAleixo Vaquero\n\t<\/h4>\n\t<p>Brazil<\/p>\n\t\t\t\t<img loading=\"lazy\" decoding=\"async\" src=\"https:\/\/mergerac.com\/wp-content\/uploads\/2022\/12\/Alex-Hirez-Toronto.jpg\" alt=\"Alex-Hirez-Toronto\" itemprop=\"image\" height=\"250\" width=\"250\" title=\"Alex-Hirez-Toronto\" onerror=\"this.style.display='none'\"  \/>\n<h4>\n\t\t Alex Shtriev\n\t<\/h4>\n\t<p>Canada<\/p>\n\t\t\t\t<img loading=\"lazy\" decoding=\"async\" src=\"https:\/\/mergerac.com\/wp-content\/uploads\/2022\/11\/16.jpg\" alt=\"Marc Freyen\" itemprop=\"image\" height=\"250\" width=\"250\" title=\"Marc Freyen\" onerror=\"this.style.display='none'\"  \/>\n<h4>\n\t\tDonald Spence\n\t<\/h4>\n\t<p>Canada<\/p>\n\t\t\t\t<img loading=\"lazy\" decoding=\"async\" src=\"https:\/\/mergerac.com\/wp-content\/uploads\/2022\/12\/Will-Hirez-Toronto.jpg\" alt=\"Will-Hirez-Toronto\" itemprop=\"image\" height=\"250\" width=\"250\" title=\"Will-Hirez-Toronto\" onerror=\"this.style.display='none'\"  \/>\n<h4>\n\t\tWill Fischtein\n\t<\/h4>\n\t<p>Canada<\/p>\n\t\t\t\t<img loading=\"lazy\" decoding=\"async\" src=\"https:\/\/mergerac.com\/wp-content\/uploads\/2022\/11\/5.jpg\" alt=\"5\" itemprop=\"image\" height=\"250\" width=\"250\" title=\"5\" onerror=\"this.style.display='none'\"  \/>\n<h4>\n\t\tJames Chen\n\t<\/h4>\n\t<p>China<\/p>\n\t\t\t\t<img loading=\"lazy\" decoding=\"async\" src=\"https:\/\/mergerac.com\/wp-content\/uploads\/2022\/11\/14.jpg\" alt=\"David Prudek\" itemprop=\"image\" height=\"250\" width=\"250\" title=\"David Prudek\" onerror=\"this.style.display='none'\"  \/>\n<h4>\n\t\tJuan Pablo Ortiz\n\t<\/h4>\n\t<p>Colombia<\/p>\n\t\t\t\t<img loading=\"lazy\" decoding=\"async\" src=\"https:\/\/mergerac.com\/wp-content\/uploads\/2022\/11\/10.jpg\" alt=\"10\" itemprop=\"image\" height=\"250\" width=\"250\" title=\"10\" onerror=\"this.style.display='none'\"  \/>\n<h4>\n\t\tTomislav Kovalisko\n\t<\/h4>\n\t<p>Croatia<\/p>\n\t\t\t\t<img loading=\"lazy\" decoding=\"async\" src=\"https:\/\/mergerac.com\/wp-content\/uploads\/2022\/12\/David-Prudek.jpg\" alt=\"David-Prudek\" itemprop=\"image\" height=\"250\" width=\"250\" title=\"David-Prudek\" onerror=\"this.style.display='none'\"  \/>\n<h4>\n\t\tDavid Prudek\n\t<\/h4>\n\t<p>Czech Republic<\/p>\n\t\t\t\t<img loading=\"lazy\" decoding=\"async\" src=\"https:\/\/mergerac.com\/wp-content\/uploads\/2022\/11\/18.jpg\" alt=\"Michel Tesar\" itemprop=\"image\" height=\"250\" width=\"250\" title=\"Michel Tesar\" onerror=\"this.style.display='none'\"  \/>\n<h4>\n\t\tMichal Tesa\u0159\n\t<\/h4>\n\t<p>Czech Republic<\/p>\n\t\t\t\t<img loading=\"lazy\" decoding=\"async\" src=\"https:\/\/mergerac.com\/wp-content\/uploads\/2022\/11\/9.jpg\" alt=\"9\" itemprop=\"image\" height=\"250\" width=\"250\" title=\"9\" onerror=\"this.style.display='none'\"  \/>\n<h4>\n\t\tT\u00f5nis Kons\n\t<\/h4>\n\t<p>Estonia<\/p>\n\t\t\t\t<img loading=\"lazy\" decoding=\"async\" src=\"https:\/\/mergerac.com\/wp-content\/uploads\/2022\/11\/15.jpg\" alt=\"David Prudek\" itemprop=\"image\" height=\"250\" width=\"250\" title=\"David Prudek\" onerror=\"this.style.display='none'\"  \/>\n<h4>\n\t\tJuha Sipil\u00e4\n\t<\/h4>\n\t<p>Finland<\/p>\n\t\t\t\t<img loading=\"lazy\" decoding=\"async\" src=\"https:\/\/mergerac.com\/wp-content\/uploads\/2022\/11\/20.jpg\" alt=\"Pierro Gavazzi\" itemprop=\"image\" height=\"250\" width=\"250\" title=\"Pierro Gavazzi\" onerror=\"this.style.display='none'\"  \/>\n<h4>\n\t\tNicolas Touchard\n\t<\/h4>\n\t<p>France<\/p>\n\t\t\t\t<img loading=\"lazy\" decoding=\"async\" src=\"https:\/\/mergerac.com\/wp-content\/uploads\/2022\/11\/11.jpg\" alt=\"Kai Kuan\" itemprop=\"image\" height=\"250\" width=\"250\" title=\"Kai Kuan\" onerror=\"this.style.display='none'\"  \/>\n<h4>\n\t\tKai Kuan\n\t<\/h4>\n\t<p>Germany\/China<\/p>\n\t\t\t\t<img loading=\"lazy\" decoding=\"async\" src=\"https:\/\/mergerac.com\/wp-content\/uploads\/2022\/12\/Dr-Nadine-Ulrich.jpg\" alt=\"Dr-Nadine-Ulrich\" itemprop=\"image\" height=\"250\" width=\"250\" title=\"Dr-Nadine-Ulrich\" onerror=\"this.style.display='none'\"  \/>\n<h4>\n\t\tDr-Nadine-Ulrich\n\t<\/h4>\n\t<p>Germany<\/p>\n\t\t\t\t<img loading=\"lazy\" decoding=\"async\" src=\"https:\/\/mergerac.com\/wp-content\/uploads\/2022\/11\/19.jpg\" alt=\"David Prudek\" itemprop=\"image\" height=\"250\" width=\"250\" title=\"David Prudek\" onerror=\"this.style.display='none'\"  \/>\n<h4>\n\t\tMichael Thiele\n\t<\/h4>\n\t<p>Germany<\/p>\n\t\t\t\t<img loading=\"lazy\" decoding=\"async\" src=\"https:\/\/mergerac.com\/wp-content\/uploads\/2022\/11\/12.jpg\" alt=\"David Prudek\" itemprop=\"image\" height=\"250\" width=\"250\" title=\"David Prudek\" onerror=\"this.style.display='none'\"  \/>\n<h4>\n\t\tSebastian Moss\n\t<\/h4>\n\t<p>Germany<\/p>\n\t\t\t\t<img loading=\"lazy\" decoding=\"async\" src=\"https:\/\/mergerac.com\/wp-content\/uploads\/2022\/11\/8.jpg\" alt=\"Pankaj Karna\" itemprop=\"image\" height=\"250\" width=\"250\" title=\"Pankaj Karna\" onerror=\"this.style.display='none'\"  \/>\n<h4>\n\t\tPankaj Karna\n\t<\/h4>\n\t<p>India<\/p>\n\t\t\t\t<img loading=\"lazy\" decoding=\"async\" src=\"https:\/\/mergerac.com\/wp-content\/uploads\/2022\/12\/Gary-Raskin.jpg\" alt=\"Gary-Raskin\" itemprop=\"image\" height=\"250\" width=\"250\" title=\"Gary-Raskin\" onerror=\"this.style.display='none'\"  \/>\n<h4>\n\t\tGary Raskin\n\t<\/h4>\n\t<p>Israel<\/p>\n\t\t\t\t<img loading=\"lazy\" decoding=\"async\" src=\"https:\/\/mergerac.com\/wp-content\/uploads\/2022\/11\/1-Faina.jpg\" alt=\"1-Faina\" itemprop=\"image\" height=\"250\" width=\"250\" title=\"1-Faina\" onerror=\"this.style.display='none'\"  \/>\n<h4>\n\t\tFrancesco Faina\n\t<\/h4>\n\t<p>Italy<\/p>\n\t\t\t\t<img loading=\"lazy\" decoding=\"async\" src=\"https:\/\/mergerac.com\/wp-content\/uploads\/2022\/12\/Karolis-Lukas.jpg\" alt=\"Karolis-Lukas\" itemprop=\"image\" height=\"250\" width=\"250\" title=\"Karolis-Lukas\" onerror=\"this.style.display='none'\"  \/>\n<h4>\n\t\tKarolis Lukas\n\t<\/h4>\n\t<p>Lithuania<\/p>\n\t\t\t\t<img loading=\"lazy\" decoding=\"async\" src=\"https:\/\/mergerac.com\/wp-content\/uploads\/2022\/11\/13.jpg\" alt=\"13\" itemprop=\"image\" height=\"250\" width=\"250\" title=\"13\" onerror=\"this.style.display='none'\"  \/>\n<h4>\n\t\tSuresh Nanda\n\t<\/h4>\n\t<p>Mauritius<\/p>\n\t\t\t\t<img loading=\"lazy\" decoding=\"async\" src=\"https:\/\/mergerac.com\/wp-content\/uploads\/2022\/11\/21.jpg\" alt=\"Robert an Mourik\" itemprop=\"image\" height=\"250\" width=\"250\" title=\"Robert an Mourik\" onerror=\"this.style.display='none'\"  \/>\n<h4>\n\t\tRobert van Mourik\n\t<\/h4>\n\t<p>Netherlands<\/p>\n\t\t\t\t<img loading=\"lazy\" decoding=\"async\" src=\"https:\/\/mergerac.com\/wp-content\/uploads\/2022\/11\/17.jpg\" alt=\"Karol Szykowny\" itemprop=\"image\" height=\"250\" width=\"250\" title=\"Karol Szykowny\" onerror=\"this.style.display='none'\"  \/>\n<h4>\n\t\tKarol Szykowny\n\t<\/h4>\n\t<p>Poland<\/p>\n\t\t\t\t<img loading=\"lazy\" decoding=\"async\" src=\"https:\/\/mergerac.com\/wp-content\/uploads\/2022\/11\/Joao-Pedro.jpg\" alt=\"Joao-Pedro\" itemprop=\"image\" height=\"250\" width=\"250\" title=\"Joao-Pedro\" onerror=\"this.style.display='none'\"  \/>\n<h4>\n\t\tJo\u00e3o Pedro Delgado\n\t<\/h4>\n\t<p>Portugal<\/p>\n\t\t\t\t<img loading=\"lazy\" decoding=\"async\" src=\"https:\/\/mergerac.com\/wp-content\/uploads\/2022\/11\/2-1.jpg\" alt=\"Marc Freyen\" itemprop=\"image\" height=\"250\" width=\"250\" title=\"Marc Freyen\" onerror=\"this.style.display='none'\"  \/>\n<h4>\n\t\tRicard Antonijoan\n\t<\/h4>\n\t<p>Spain<\/p>\n\t\t\t\t<img loading=\"lazy\" decoding=\"async\" src=\"https:\/\/mergerac.com\/wp-content\/uploads\/2022\/12\/Bob-Dekker.jpg\" alt=\"Bob-Dekker\" itemprop=\"image\" height=\"250\" width=\"250\" title=\"Bob-Dekker\" onerror=\"this.style.display='none'\"  \/>\n<h4>\n\t\tBob Dekker \n\t<\/h4>\n\t<p>USA<\/p>\n\t\t\t\t<img loading=\"lazy\" decoding=\"async\" src=\"https:\/\/mergerac.com\/wp-content\/uploads\/2022\/11\/4-1.jpg\" alt=\"4 (1)\" itemprop=\"image\" height=\"250\" width=\"250\" title=\"4 (1)\" onerror=\"this.style.display='none'\"  \/>\n<h4>\n\t\tChris Cerimele\n\t<\/h4>\n\t<p>USA<\/p>\n\t\t\t\t<img loading=\"lazy\" decoding=\"async\" src=\"https:\/\/mergerac.com\/wp-content\/uploads\/2022\/11\/6.jpg\" alt=\"David Prudek\" itemprop=\"image\" height=\"250\" width=\"250\" title=\"David Prudek\" onerror=\"this.style.display='none'\"  \/>\n<h4>\n\t\tMark Dukas\n\t<\/h4>\n\t<p>USA<\/p>\n\n","protected":false},"excerpt":{"rendered":"","protected":false},"author":2,"featured_media":0,"parent":0,"menu_order":69,"comment_status":"closed","ping_status":"closed","template":"","meta":{"_acf_changed":false,"footnotes":""},"class_list":["post-1739","page","type-page","status-publish","hentry"],"acf":[],"yoast_head":"<!-- This site is optimized with the Yoast SEO Premium plugin v20.3 (Yoast SEO v24.0) - https:\/\/yoast.com\/wordpress\/plugins\/seo\/ -->\n<title>Contact - MERGERAC<\/title>\n<meta name=\"robots\" content=\"index, follow, max-snippet:-1, max-image-preview:large, max-video-preview:-1\" \/>\n<link rel=\"canonical\" href=\"https:\/\/mergerac.com\/contact\/\" \/>\n<meta property=\"og:locale\" content=\"en_US\" \/>\n<meta property=\"og:type\" content=\"article\" \/>\n<meta property=\"og:title\" content=\"Contact\" \/>\n<meta property=\"og:description\" content=\"YVES BLAIS Yves has more than 30 years of experience in the management and negotiation of transactions.\u00a0He knows well the needs and concerns of managers of SMEs for having experienced them personally during all these years. In the implementation of his mandates, he brings extensive experience and offers solutions which achieve the objectives of his...\" \/>\n<meta property=\"og:url\" content=\"https:\/\/mergerac.com\/contact\/\" \/>\n<meta property=\"og:site_name\" content=\"MERGERAC\" \/>\n<meta property=\"article:modified_time\" content=\"2023-04-25T20:12:48+00:00\" \/>\n<meta property=\"og:image\" content=\"https:\/\/mergerac.com\/wp-content\/uploads\/2023\/04\/Photo-Yves-Egypte-4-226x300.jpg\" \/>\n<meta name=\"twitter:label1\" content=\"Est. reading time\" \/>\n\t<meta name=\"twitter:data1\" content=\"1 minute\" \/>\n<script type=\"application\/ld+json\" class=\"yoast-schema-graph\">{\"@context\":\"https:\/\/schema.org\",\"@graph\":[{\"@type\":\"WebPage\",\"@id\":\"https:\/\/mergerac.com\/contact\/\",\"url\":\"https:\/\/mergerac.com\/contact\/\",\"name\":\"Contact - MERGERAC\",\"isPartOf\":{\"@id\":\"https:\/\/mergerac.com\/#website\"},\"primaryImageOfPage\":{\"@id\":\"https:\/\/mergerac.com\/contact\/#primaryimage\"},\"image\":{\"@id\":\"https:\/\/mergerac.com\/contact\/#primaryimage\"},\"thumbnailUrl\":\"https:\/\/mergerac.com\/wp-content\/uploads\/2023\/04\/Photo-Yves-Egypte-4-226x300.jpg\",\"datePublished\":\"2022-10-03T13:44:46+00:00\",\"dateModified\":\"2023-04-25T20:12:48+00:00\",\"breadcrumb\":{\"@id\":\"https:\/\/mergerac.com\/contact\/#breadcrumb\"},\"inLanguage\":\"en-US\",\"potentialAction\":[{\"@type\":\"ReadAction\",\"target\":[\"https:\/\/mergerac.com\/contact\/\"]}]},{\"@type\":\"ImageObject\",\"inLanguage\":\"en-US\",\"@id\":\"https:\/\/mergerac.com\/contact\/#primaryimage\",\"url\":\"https:\/\/mergerac.com\/wp-content\/uploads\/2023\/04\/Photo-Yves-Egypte-4-226x300.jpg\",\"contentUrl\":\"https:\/\/mergerac.com\/wp-content\/uploads\/2023\/04\/Photo-Yves-Egypte-4-226x300.jpg\"},{\"@type\":\"BreadcrumbList\",\"@id\":\"https:\/\/mergerac.com\/contact\/#breadcrumb\",\"itemListElement\":[{\"@type\":\"ListItem\",\"position\":1,\"name\":\"Home\",\"item\":\"https:\/\/mergerac.com\/en\/\"},{\"@type\":\"ListItem\",\"position\":2,\"name\":\"Contact\"}]},{\"@type\":\"WebSite\",\"@id\":\"https:\/\/mergerac.com\/#website\",\"url\":\"https:\/\/mergerac.com\/\",\"name\":\"MERGERAC\",\"description\":\"Website\",\"potentialAction\":[{\"@type\":\"SearchAction\",\"target\":{\"@type\":\"EntryPoint\",\"urlTemplate\":\"https:\/\/mergerac.com\/?s={search_term_string}\"},\"query-input\":{\"@type\":\"PropertyValueSpecification\",\"valueRequired\":true,\"valueName\":\"search_term_string\"}}],\"inLanguage\":\"en-US\"}]}<\/script>\n<!-- \/ Yoast SEO Premium plugin. -->","yoast_head_json":{"title":"Contact - MERGERAC","robots":{"index":"index","follow":"follow","max-snippet":"max-snippet:-1","max-image-preview":"max-image-preview:large","max-video-preview":"max-video-preview:-1"},"canonical":"https:\/\/mergerac.com\/contact\/","og_locale":"en_US","og_type":"article","og_title":"Contact","og_description":"YVES BLAIS Yves has more than 30 years of experience in the management and negotiation of transactions.\u00a0He knows well the needs and concerns of managers of SMEs for having experienced them personally during all these years. In the implementation of his mandates, he brings extensive experience and offers solutions which achieve the objectives of his...","og_url":"https:\/\/mergerac.com\/contact\/","og_site_name":"MERGERAC","article_modified_time":"2023-04-25T20:12:48+00:00","og_image":[{"url":"https:\/\/mergerac.com\/wp-content\/uploads\/2023\/04\/Photo-Yves-Egypte-4-226x300.jpg","type":"","width":"","height":""}],"twitter_misc":{"Est. reading time":"1 minute"},"schema":{"@context":"https:\/\/schema.org","@graph":[{"@type":"WebPage","@id":"https:\/\/mergerac.com\/contact\/","url":"https:\/\/mergerac.com\/contact\/","name":"Contact - MERGERAC","isPartOf":{"@id":"https:\/\/mergerac.com\/#website"},"primaryImageOfPage":{"@id":"https:\/\/mergerac.com\/contact\/#primaryimage"},"image":{"@id":"https:\/\/mergerac.com\/contact\/#primaryimage"},"thumbnailUrl":"https:\/\/mergerac.com\/wp-content\/uploads\/2023\/04\/Photo-Yves-Egypte-4-226x300.jpg","datePublished":"2022-10-03T13:44:46+00:00","dateModified":"2023-04-25T20:12:48+00:00","breadcrumb":{"@id":"https:\/\/mergerac.com\/contact\/#breadcrumb"},"inLanguage":"en-US","potentialAction":[{"@type":"ReadAction","target":["https:\/\/mergerac.com\/contact\/"]}]},{"@type":"ImageObject","inLanguage":"en-US","@id":"https:\/\/mergerac.com\/contact\/#primaryimage","url":"https:\/\/mergerac.com\/wp-content\/uploads\/2023\/04\/Photo-Yves-Egypte-4-226x300.jpg","contentUrl":"https:\/\/mergerac.com\/wp-content\/uploads\/2023\/04\/Photo-Yves-Egypte-4-226x300.jpg"},{"@type":"BreadcrumbList","@id":"https:\/\/mergerac.com\/contact\/#breadcrumb","itemListElement":[{"@type":"ListItem","position":1,"name":"Home","item":"https:\/\/mergerac.com\/en\/"},{"@type":"ListItem","position":2,"name":"Contact"}]},{"@type":"WebSite","@id":"https:\/\/mergerac.com\/#website","url":"https:\/\/mergerac.com\/","name":"MERGERAC","description":"Website","potentialAction":[{"@type":"SearchAction","target":{"@type":"EntryPoint","urlTemplate":"https:\/\/mergerac.com\/?s={search_term_string}"},"query-input":{"@type":"PropertyValueSpecification","valueRequired":true,"valueName":"search_term_string"}}],"inLanguage":"en-US"}]}},"_links":{"self":[{"href":"https:\/\/mergerac.com\/en\/wp-json\/wp\/v2\/pages\/1739","targetHints":{"allow":["GET"]}}],"collection":[{"href":"https:\/\/mergerac.com\/en\/wp-json\/wp\/v2\/pages"}],"about":[{"href":"https:\/\/mergerac.com\/en\/wp-json\/wp\/v2\/types\/page"}],"author":[{"embeddable":true,"href":"https:\/\/mergerac.com\/en\/wp-json\/wp\/v2\/users\/2"}],"replies":[{"embeddable":true,"href":"https:\/\/mergerac.com\/en\/wp-json\/wp\/v2\/comments?post=1739"}],"version-history":[{"count":22,"href":"https:\/\/mergerac.com\/en\/wp-json\/wp\/v2\/pages\/1739\/revisions"}],"predecessor-version":[{"id":2458,"href":"https:\/\/mergerac.com\/en\/wp-json\/wp\/v2\/pages\/1739\/revisions\/2458"}],"wp:attachment":[{"href":"https:\/\/mergerac.com\/en\/wp-json\/wp\/v2\/media?parent=1739"}],"curies":[{"name":"wp","href":"https:\/\/api.w.org\/{rel}","templated":true}]}}